{"id":30,"date":"2018-03-18T17:08:36","date_gmt":"2018-03-18T16:08:36","guid":{"rendered":"http:\/\/armorosteo.fr\/?page_id=30"},"modified":"2018-03-18T19:54:24","modified_gmt":"2018-03-18T18:54:24","slug":"30-2","status":"publish","type":"page","link":"https:\/\/armorosteo.fr\/?page_id=30","title":{"rendered":"Questions"},"content":{"rendered":"<p>[et_pb_section fb_built=\u00a0\u00bb1&Prime; fullwidth=\u00a0\u00bbon\u00a0\u00bb disabled_on=\u00a0\u00bbon|off|off\u00a0\u00bb _builder_version=\u00a0\u00bb3.0.106&Prime; border_width_right=\u00a0\u00bb40px\u00a0\u00bb border_color_right=\u00a0\u00bb#ffffff\u00a0\u00bb border_width_left=\u00a0\u00bb40px\u00a0\u00bb border_color_left=\u00a0\u00bb#ffffff\u00a0\u00bb][et_pb_fullwidth_header title=\u00a0\u00bbquestions\u00a0\u00bb background_layout=\u00a0\u00bbdark\u00a0\u00bb text_orientation=\u00a0\u00bbcenter\u00a0\u00bb background_overlay_color=\u00a0\u00bbrgba(92,117,121,0.53)\u00a0\u00bb _builder_version=\u00a0\u00bb3.0.106&Prime; title_font=\u00a0\u00bb|600||on|||||\u00a0\u00bb title_font_size=\u00a0\u00bb65px\u00a0\u00bb background_image=\u00a0\u00bbhttp:\/\/armorosteo.fr\/wp-content\/uploads\/2018\/03\/kate-ausburn-126806.jpg\u00a0\u00bb][\/et_pb_fullwidth_header][\/et_pb_section][et_pb_section fb_built=\u00a0\u00bb1&Prime; fullwidth=\u00a0\u00bbon\u00a0\u00bb disabled_on=\u00a0\u00bboff|on|on\u00a0\u00bb _builder_version=\u00a0\u00bb3.0.106&Prime; border_color_right=\u00a0\u00bb#ffffff\u00a0\u00bb border_color_left=\u00a0\u00bb#ffffff\u00a0\u00bb][et_pb_fullwidth_header title=\u00a0\u00bbquestions\u00a0\u00bb background_layout=\u00a0\u00bbdark\u00a0\u00bb text_orientation=\u00a0\u00bbcenter\u00a0\u00bb background_overlay_color=\u00a0\u00bbrgba(92,117,121,0.53)\u00a0\u00bb _builder_version=\u00a0\u00bb3.0.106&Prime; title_font=\u00a0\u00bb|600||on|||||\u00a0\u00bb title_font_size=\u00a0\u00bb25px\u00a0\u00bb background_image=\u00a0\u00bbhttp:\/\/armorosteo.fr\/wp-content\/uploads\/2018\/03\/kate-ausburn-126806.jpg\u00a0\u00bb][\/et_pb_fullwidth_header][\/et_pb_section][et_pb_section fb_built=\u00a0\u00bb1&Prime; _builder_version=\u00a0\u00bb3.0.47&Prime;][et_pb_row _builder_version=\u00a0\u00bb3.0.106&Prime;][et_pb_column type=\u00a0\u00bb4_4&Prime; _builder_version=\u00a0\u00bb3.0.93&Prime; parallax=\u00a0\u00bboff\u00a0\u00bb parallax_method=\u00a0\u00bbon\u00a0\u00bb][et_pb_accordion open_toggle_text_color=\u00a0\u00bb#444444&Prime; open_toggle_background_color=\u00a0\u00bb#ffffff\u00a0\u00bb closed_toggle_text_color=\u00a0\u00bb#444444&Prime; closed_toggle_background_color=\u00a0\u00bb#bed9de\u00a0\u00bb icon_color=\u00a0\u00bb#444444&Prime; _builder_version=\u00a0\u00bb3.0.106&Prime; body_font=\u00a0\u00bb||||||||\u00a0\u00bb body_line_height=\u00a0\u00bb1.5em\u00a0\u00bb toggle_font=\u00a0\u00bb||||||||\u00a0\u00bb toggle_line_height=\u00a0\u00bb1.2em\u00a0\u00bb border_width_all=\u00a0\u00bb0px\u00a0\u00bb border_width_left=\u00a0\u00bb2px\u00a0\u00bb border_color_left=\u00a0\u00bb#444444&Prime;][et_pb_accordion_item title=\u00a0\u00bbCombien de temps dure la s\u00e9ance ?\u00a0\u00bb open=\u00a0\u00bbon\u00a0\u00bb _builder_version=\u00a0\u00bb3.0.93&Prime; title_text_shadow_horizontal_length=\u00a0\u00bb0em\u00a0\u00bb title_text_shadow_vertical_length=\u00a0\u00bb0em\u00a0\u00bb title_text_shadow_blur_strength=\u00a0\u00bb0em\u00a0\u00bb body_text_shadow_horizontal_length=\u00a0\u00bb0em\u00a0\u00bb body_text_shadow_vertical_length=\u00a0\u00bb0em\u00a0\u00bb body_text_shadow_blur_strength=\u00a0\u00bb0em\u00a0\u00bb]45 minutes.<br \/>\n[\/et_pb_accordion_item][et_pb_accordion_item title=\u00a0\u00bbLa s\u00e9ance est-elle prise en charge par la s\u00e9curit\u00e9 sociale ?\u00a0\u00bb _builder_version=\u00a0\u00bb3.0.106&Prime; title_text_shadow_horizontal_length=\u00a0\u00bb0em\u00a0\u00bb title_text_shadow_vertical_length=\u00a0\u00bb0em\u00a0\u00bb title_text_shadow_blur_strength=\u00a0\u00bb0em\u00a0\u00bb body_text_shadow_horizontal_length=\u00a0\u00bb0em\u00a0\u00bb body_text_shadow_vertical_length=\u00a0\u00bb0em\u00a0\u00bb body_text_shadow_blur_strength=\u00a0\u00bb0em\u00a0\u00bb open=\u00a0\u00bboff\u00a0\u00bb]Non, les consultations en ost\u00e9opathie ne sont pas prises en charge par la s\u00e9curit\u00e9 sociale. Par contre, beaucoup de mutuelles remboursent une partie, voire la totalit\u00e9 de nos consultations. A cet effet, une facture vous sera remise \u00e0 chaque consultation.<br \/>\n[\/et_pb_accordion_item][et_pb_accordion_item title=\u00a0\u00bbEst-il n\u00e9cessaire d&rsquo;avoir une ordonnance pour consulter un ost\u00e9opathe ?\u00a0\u00bb _builder_version=\u00a0\u00bb3.0.106&Prime; title_text_shadow_horizontal_length=\u00a0\u00bb0em\u00a0\u00bb title_text_shadow_vertical_length=\u00a0\u00bb0em\u00a0\u00bb title_text_shadow_blur_strength=\u00a0\u00bb0em\u00a0\u00bb body_text_shadow_horizontal_length=\u00a0\u00bb0em\u00a0\u00bb body_text_shadow_vertical_length=\u00a0\u00bb0em\u00a0\u00bb body_text_shadow_blur_strength=\u00a0\u00bb0em\u00a0\u00bb open=\u00a0\u00bboff\u00a0\u00bb]Une consultation en ost\u00e9opathie est <strong>sans ordonnance. <\/strong>Il n&rsquo;est pas n\u00e9cessaire de consulter votre m\u00e9decin traitant avant d&rsquo;aller chez un ost\u00e9opathe.<br \/>\n[\/et_pb_accordion_item][et_pb_accordion_item title=\u00a0\u00bbPeut-on consulter en urgence m\u00eame en cas de forte douleur ?\u00a0\u00bb _builder_version=\u00a0\u00bb3.0.106&Prime; title_text_shadow_horizontal_length=\u00a0\u00bb0em\u00a0\u00bb title_text_shadow_vertical_length=\u00a0\u00bb0em\u00a0\u00bb title_text_shadow_blur_strength=\u00a0\u00bb0em\u00a0\u00bb body_text_shadow_horizontal_length=\u00a0\u00bb0em\u00a0\u00bb body_text_shadow_vertical_length=\u00a0\u00bb0em\u00a0\u00bb body_text_shadow_blur_strength=\u00a0\u00bb0em\u00a0\u00bb open=\u00a0\u00bboff\u00a0\u00bb]Oui, l&rsquo;ost\u00e9opathie peut vous soulager m\u00eame si la douleur est importante ou que vous \u00eates bloqu\u00e9.<br \/>\n[\/et_pb_accordion_item][et_pb_accordion_item title=\u00a0\u00bbEst-ce que vous allez me faire %22craquer%22 ? \u00a0\u00bb _builder_version=\u00a0\u00bb3.0.93&Prime; title_text_shadow_horizontal_length=\u00a0\u00bb0em\u00a0\u00bb title_text_shadow_vertical_length=\u00a0\u00bb0em\u00a0\u00bb title_text_shadow_blur_strength=\u00a0\u00bb0em\u00a0\u00bb body_text_shadow_horizontal_length=\u00a0\u00bb0em\u00a0\u00bb body_text_shadow_vertical_length=\u00a0\u00bb0em\u00a0\u00bb body_text_shadow_blur_strength=\u00a0\u00bb0em\u00a0\u00bb open=\u00a0\u00bboff\u00a0\u00bb]Nous ne faisons pas &#8211; ou tr\u00e8s peu &#8211; craquer.<br \/>\n[\/et_pb_accordion_item][et_pb_accordion_item title=\u00a0\u00bbA partir de quel \u00e2ge les b\u00e9b\u00e9s peuvent-ils consulter ?\u00a0\u00bb _builder_version=\u00a0\u00bb3.0.93&Prime; title_text_shadow_horizontal_length=\u00a0\u00bb0em\u00a0\u00bb title_text_shadow_vertical_length=\u00a0\u00bb0em\u00a0\u00bb title_text_shadow_blur_strength=\u00a0\u00bb0em\u00a0\u00bb body_text_shadow_horizontal_length=\u00a0\u00bb0em\u00a0\u00bb body_text_shadow_vertical_length=\u00a0\u00bb0em\u00a0\u00bb body_text_shadow_blur_strength=\u00a0\u00bb0em\u00a0\u00bb open=\u00a0\u00bboff\u00a0\u00bb]Le plus t\u00f4t est le mieux. Nous recevons m\u00eame les nouveaux n\u00e9s de quelques jours.<br \/>\n[\/et_pb_accordion_item][et_pb_accordion_item title=\u00a0\u00bbUne s\u00e9ance suffit-elle pour \u00eatre soulag\u00e9 ?\u00a0\u00bb _builder_version=\u00a0\u00bb3.0.106&Prime; title_text_shadow_horizontal_length=\u00a0\u00bb0em\u00a0\u00bb title_text_shadow_vertical_length=\u00a0\u00bb0em\u00a0\u00bb title_text_shadow_blur_strength=\u00a0\u00bb0em\u00a0\u00bb body_text_shadow_horizontal_length=\u00a0\u00bb0em\u00a0\u00bb body_text_shadow_vertical_length=\u00a0\u00bb0em\u00a0\u00bb body_text_shadow_blur_strength=\u00a0\u00bb0em\u00a0\u00bb open=\u00a0\u00bboff\u00a0\u00bb]Parfois, une seule s\u00e9ance peut suffire \u00e0 r\u00e9soudre votre probl\u00e9matique. Dans d&rsquo;autres cas, il nous faut poursuivre le traitement de certaines douleurs. Cela peut varier d&rsquo;une personne \u00e0 une autre en fonction de plusieurs facteurs (douleur, anciennet\u00e9, ant\u00e9c\u00e9dents, \u00e9tat de sant\u00e9 du patient, etc.).<br \/>\n[\/et_pb_accordion_item][\/et_pb_accordion][\/et_pb_column][\/et_pb_row][\/et_pb_section]<\/p>\n","protected":false},"excerpt":{"rendered":"<p>45 minutes. Non, les consultations en ost\u00e9opathie ne sont pas prises en charge par la s\u00e9curit\u00e9 sociale. Par contre, beaucoup de mutuelles remboursent une partie, voire la totalit\u00e9 de nos consultations. A cet effet, une facture vous sera remise \u00e0 chaque consultation. Une consultation en ost\u00e9opathie est sans ordonnance. Il n&rsquo;est pas n\u00e9cessaire de consulter [&hellip;]<\/p>\n","protected":false},"author":1,"featured_media":0,"parent":0,"menu_order":0,"comment_status":"closed","ping_status":"closed","template":"","meta":{"_et_pb_use_builder":"on","_et_pb_old_content":"","_et_gb_content_width":"","footnotes":""},"class_list":["post-30","page","type-page","status-publish","hentry"],"yoast_head":"<!-- This site is optimized with the Yoast SEO plugin v27.2 - https:\/\/yoast.com\/product\/yoast-seo-wordpress\/ -->\n<title>Questions | Armor Osteo<\/title>\n<meta name=\"robots\" content=\"index, follow, max-snippet:-1, max-image-preview:large, max-video-preview:-1\" \/>\n<link rel=\"canonical\" href=\"https:\/\/armorosteo.fr\/?page_id=30\" \/>\n<meta property=\"og:locale\" content=\"fr_FR\" \/>\n<meta property=\"og:type\" content=\"article\" \/>\n<meta property=\"og:title\" content=\"Questions | Armor Osteo\" \/>\n<meta property=\"og:description\" content=\"45 minutes. Non, les consultations en ost\u00e9opathie ne sont pas prises en charge par la s\u00e9curit\u00e9 sociale. Par contre, beaucoup de mutuelles remboursent une partie, voire la totalit\u00e9 de nos consultations. A cet effet, une facture vous sera remise \u00e0 chaque consultation. Une consultation en ost\u00e9opathie est sans ordonnance. Il n&#039;est pas n\u00e9cessaire de consulter [&hellip;]\" \/>\n<meta property=\"og:url\" content=\"https:\/\/armorosteo.fr\/?page_id=30\" \/>\n<meta property=\"og:site_name\" content=\"Armor Osteo\" \/>\n<meta property=\"article:modified_time\" content=\"2018-03-18T18:54:24+00:00\" \/>\n<meta name=\"twitter:card\" content=\"summary_large_image\" \/>\n<meta name=\"twitter:label1\" content=\"Dur\u00e9e de lecture estim\u00e9e\" \/>\n\t<meta name=\"twitter:data1\" content=\"4 minutes\" \/>\n<script type=\"application\/ld+json\" class=\"yoast-schema-graph\">{\"@context\":\"https:\/\/schema.org\",\"@graph\":[{\"@type\":\"WebPage\",\"@id\":\"https:\/\/armorosteo.fr\/?page_id=30\",\"url\":\"https:\/\/armorosteo.fr\/?page_id=30\",\"name\":\"Questions | Armor Osteo\",\"isPartOf\":{\"@id\":\"https:\/\/armorosteo.fr\/#website\"},\"datePublished\":\"2018-03-18T16:08:36+00:00\",\"dateModified\":\"2018-03-18T18:54:24+00:00\",\"breadcrumb\":{\"@id\":\"https:\/\/armorosteo.fr\/?page_id=30#breadcrumb\"},\"inLanguage\":\"fr-FR\",\"potentialAction\":[{\"@type\":\"ReadAction\",\"target\":[\"https:\/\/armorosteo.fr\/?page_id=30\"]}]},{\"@type\":\"BreadcrumbList\",\"@id\":\"https:\/\/armorosteo.fr\/?page_id=30#breadcrumb\",\"itemListElement\":[{\"@type\":\"ListItem\",\"position\":1,\"name\":\"Home\",\"item\":\"https:\/\/armorosteo.fr\/\"},{\"@type\":\"ListItem\",\"position\":2,\"name\":\"Questions\"}]},{\"@type\":\"WebSite\",\"@id\":\"https:\/\/armorosteo.fr\/#website\",\"url\":\"https:\/\/armorosteo.fr\/\",\"name\":\"Armor Osteo\",\"description\":\"Cabinet d&#039;ost\u00e9opathie de Jeanne Nicolle &amp; Collaborateurs\",\"publisher\":{\"@id\":\"https:\/\/armorosteo.fr\/#organization\"},\"potentialAction\":[{\"@type\":\"SearchAction\",\"target\":{\"@type\":\"EntryPoint\",\"urlTemplate\":\"https:\/\/armorosteo.fr\/?s={search_term_string}\"},\"query-input\":{\"@type\":\"PropertyValueSpecification\",\"valueRequired\":true,\"valueName\":\"search_term_string\"}}],\"inLanguage\":\"fr-FR\"},{\"@type\":\"Organization\",\"@id\":\"https:\/\/armorosteo.fr\/#organization\",\"name\":\"Armor Osteo\",\"url\":\"https:\/\/armorosteo.fr\/\",\"logo\":{\"@type\":\"ImageObject\",\"inLanguage\":\"fr-FR\",\"@id\":\"https:\/\/armorosteo.fr\/#\/schema\/logo\/image\/\",\"url\":\"https:\/\/armorosteo.fr\/wp-content\/uploads\/2018\/03\/Image1.png\",\"contentUrl\":\"https:\/\/armorosteo.fr\/wp-content\/uploads\/2018\/03\/Image1.png\",\"width\":912,\"height\":173,\"caption\":\"Armor Osteo\"},\"image\":{\"@id\":\"https:\/\/armorosteo.fr\/#\/schema\/logo\/image\/\"}}]}<\/script>\n<!-- \/ Yoast SEO plugin. -->","yoast_head_json":{"title":"Questions | Armor Osteo","robots":{"index":"index","follow":"follow","max-snippet":"max-snippet:-1","max-image-preview":"max-image-preview:large","max-video-preview":"max-video-preview:-1"},"canonical":"https:\/\/armorosteo.fr\/?page_id=30","og_locale":"fr_FR","og_type":"article","og_title":"Questions | Armor Osteo","og_description":"45 minutes. Non, les consultations en ost\u00e9opathie ne sont pas prises en charge par la s\u00e9curit\u00e9 sociale. Par contre, beaucoup de mutuelles remboursent une partie, voire la totalit\u00e9 de nos consultations. A cet effet, une facture vous sera remise \u00e0 chaque consultation. Une consultation en ost\u00e9opathie est sans ordonnance. Il n'est pas n\u00e9cessaire de consulter [&hellip;]","og_url":"https:\/\/armorosteo.fr\/?page_id=30","og_site_name":"Armor Osteo","article_modified_time":"2018-03-18T18:54:24+00:00","twitter_card":"summary_large_image","twitter_misc":{"Dur\u00e9e de lecture estim\u00e9e":"4 minutes"},"schema":{"@context":"https:\/\/schema.org","@graph":[{"@type":"WebPage","@id":"https:\/\/armorosteo.fr\/?page_id=30","url":"https:\/\/armorosteo.fr\/?page_id=30","name":"Questions | Armor Osteo","isPartOf":{"@id":"https:\/\/armorosteo.fr\/#website"},"datePublished":"2018-03-18T16:08:36+00:00","dateModified":"2018-03-18T18:54:24+00:00","breadcrumb":{"@id":"https:\/\/armorosteo.fr\/?page_id=30#breadcrumb"},"inLanguage":"fr-FR","potentialAction":[{"@type":"ReadAction","target":["https:\/\/armorosteo.fr\/?page_id=30"]}]},{"@type":"BreadcrumbList","@id":"https:\/\/armorosteo.fr\/?page_id=30#breadcrumb","itemListElement":[{"@type":"ListItem","position":1,"name":"Home","item":"https:\/\/armorosteo.fr\/"},{"@type":"ListItem","position":2,"name":"Questions"}]},{"@type":"WebSite","@id":"https:\/\/armorosteo.fr\/#website","url":"https:\/\/armorosteo.fr\/","name":"Armor Osteo","description":"Cabinet d&#039;ost\u00e9opathie de Jeanne Nicolle &amp; Collaborateurs","publisher":{"@id":"https:\/\/armorosteo.fr\/#organization"},"potentialAction":[{"@type":"SearchAction","target":{"@type":"EntryPoint","urlTemplate":"https:\/\/armorosteo.fr\/?s={search_term_string}"},"query-input":{"@type":"PropertyValueSpecification","valueRequired":true,"valueName":"search_term_string"}}],"inLanguage":"fr-FR"},{"@type":"Organization","@id":"https:\/\/armorosteo.fr\/#organization","name":"Armor Osteo","url":"https:\/\/armorosteo.fr\/","logo":{"@type":"ImageObject","inLanguage":"fr-FR","@id":"https:\/\/armorosteo.fr\/#\/schema\/logo\/image\/","url":"https:\/\/armorosteo.fr\/wp-content\/uploads\/2018\/03\/Image1.png","contentUrl":"https:\/\/armorosteo.fr\/wp-content\/uploads\/2018\/03\/Image1.png","width":912,"height":173,"caption":"Armor Osteo"},"image":{"@id":"https:\/\/armorosteo.fr\/#\/schema\/logo\/image\/"}}]}},"_links":{"self":[{"href":"https:\/\/armorosteo.fr\/index.php?rest_route=\/wp\/v2\/pages\/30","targetHints":{"allow":["GET"]}}],"collection":[{"href":"https:\/\/armorosteo.fr\/index.php?rest_route=\/wp\/v2\/pages"}],"about":[{"href":"https:\/\/armorosteo.fr\/index.php?rest_route=\/wp\/v2\/types\/page"}],"author":[{"embeddable":true,"href":"https:\/\/armorosteo.fr\/index.php?rest_route=\/wp\/v2\/users\/1"}],"replies":[{"embeddable":true,"href":"https:\/\/armorosteo.fr\/index.php?rest_route=%2Fwp%2Fv2%2Fcomments&post=30"}],"version-history":[{"count":9,"href":"https:\/\/armorosteo.fr\/index.php?rest_route=\/wp\/v2\/pages\/30\/revisions"}],"predecessor-version":[{"id":121,"href":"https:\/\/armorosteo.fr\/index.php?rest_route=\/wp\/v2\/pages\/30\/revisions\/121"}],"wp:attachment":[{"href":"https:\/\/armorosteo.fr\/index.php?rest_route=%2Fwp%2Fv2%2Fmedia&parent=30"}],"curies":[{"name":"wp","href":"https:\/\/api.w.org\/{rel}","templated":true}]}}